{"id":897,"date":"2020-07-09T13:31:08","date_gmt":"2020-07-09T13:31:08","guid":{"rendered":"https:\/\/kinky-sisters-berlin.com\/impressum\/"},"modified":"2021-04-30T12:10:40","modified_gmt":"2021-04-30T12:10:40","slug":"impressum","status":"publish","type":"page","link":"https:\/\/kinky-sisters-berlin.com\/en\/impressum\/","title":{"rendered":"Impressum"},"content":{"rendered":"\n<h2>Angaben gem\u00e4\u00df \u00a7 5 TMG<\/h2>\n\n\n\n<p>Mara Morgen<br>K\u00f6penicker Stra\u00dfe 187\/188<br>c\/o BesD e.V.<br>10997 Berlin<\/p>\n\n\n\n<h2>Kontakt<\/h2>\n\n\n\n<p>Telefon: 017637083018<br>E-Mail: post@opensecrets.eu<\/p>\n\n\n\n<h3>Jugendschutzbeauftragte*r gem\u00e4\u00df \u00a77 Abs. 1 JMStV<\/h3>\n\n\n\n<p><strong>Johanna Weber (Verena Johannsen)<\/strong><br>c\/o BesD e.V.<br>K\u00f6penicker Stra\u00dfe 187\/188<br>10997 Berlin<br><a href=\"mailto:info@besd-ev.de?Subject=Anfrage%20Jugendschutz\">info@besd-ev.de<\/a><br><a rel=\"noreferrer noopener\" href=\"https:\/\/berufsverband-sexarbeit.de\/index.php\/service\/impressum-und-jugendschutz-fuer-webseiten\/\" target=\"_blank\">www.berufsverband-sexarbeit.de<\/a><br>Jugendschutz &amp; Impressum f\u00fcr Sexarbeitende<\/p>\n\n\n\n<h3>Verbraucher\u00adstreit\u00adbeilegung\/Universal\u00adschlichtungs\u00adstelle<\/h3>\n\n\n\n<p>Ich bin nicht bereit oder verpflichtet, an Streitbeilegungsverfahren vor einer Verbraucherschlichtungsstelle teilzunehmen.<\/p>\n\n\n\n<h3>Haftung f\u00fcr Inhalte<\/h3>\n\n\n\n<p>Als Diensteanbieter bin ich gem\u00e4\u00df \u00a7 7 Abs.1 TMG f\u00fcr eigene Inhalte auf diesen Seiten nach den allgemeinen Gesetzen verantwortlich. Nach \u00a7\u00a7 8 bis 10 TMG bin ich als Diensteanbieter jedoch nicht verpflichtet, \u00fcbermittelte oder gespeicherte fremde Informationen zu \u00fcberwachen oder nach Umst\u00e4nden zu forschen, die auf eine rechtswidrige T\u00e4tigkeit hinweisen.<\/p>\n\n\n\n<p>Verpflichtungen zur Entfernung oder Sperrung der Nutzung von Informationen nach den allgemeinen Gesetzen bleiben hiervon unber\u00fchrt. Eine diesbez\u00fcgliche Haftung ist jedoch erst ab dem Zeitpunkt der Kenntnis einer konkreten Rechtsverletzung m\u00f6glich. Bei Bekanntwerden von entsprechenden Rechtsverletzungen werde ich diese Inhalte umgehend entfernen.<\/p>\n\n\n\n<h3>Haftung f\u00fcr Links<\/h3>\n\n\n\n<p>Mein Angebot enth\u00e4lt Links zu externen Websites Dritter, auf deren Inhalte ich keinen Einfluss haben. Deshalb kann ich f\u00fcr diese fremden Inhalte auch keine Gew\u00e4hr \u00fcbernehmen. F\u00fcr die Inhalte der verlinkten Seiten ist stets der jeweilige Anbieter oder Betreiber der Seiten verantwortlich. Die verlinkten Seiten wurden zum Zeitpunkt der Verlinkung auf m\u00f6gliche Rechtsverst\u00f6\u00dfe \u00fcberpr\u00fcft. Rechtswidrige Inhalte waren zum Zeitpunkt der Verlinkung nicht erkennbar.<\/p>\n\n\n\n<p>Eine permanente inhaltliche Kontrolle der verlinkten Seiten ist jedoch ohne konkrete Anhaltspunkte einer Rechtsverletzung nicht zumutbar. Bei Bekanntwerden von Rechtsverletzungen werde ich derartige Links umgehend entfernen.<\/p>\n\n\n\n<h3>Urheberrecht<\/h3>\n\n\n\n<p>Die durch den Seitenbetreiber erstellten Inhalte und Werke auf diesen Seiten unterliegen dem deutschen Urheberrecht. Die Vervielf\u00e4ltigung, Bearbeitung, Verbreitung und jede Art der Verwertung au\u00dferhalb der Grenzen des Urheberrechtes bed\u00fcrfen der schriftlichen Zustimmung des jeweiligen Autors bzw. Erstellers. Downloads und Kopien dieser Seite sind nur f\u00fcr den privaten, nicht kommerziellen Gebrauch gestattet.<\/p>\n\n\n\n<p>Soweit die Inhalte auf dieser Seite nicht vom Betreiber erstellt wurden, werden die Urheberrechte Dritter beachtet. Insbesondere werden Inhalte Dritter als solche gekennzeichnet. Sollten Sie trotzdem auf eine Urheberrechtsverletzung aufmerksam werden, bitten wir um einen entsprechenden Hinweis. Bei Bekanntwerden von Rechtsverletzungen werden wir derartige Inhalte umgehend entfernen.<\/p>\n","protected":false},"excerpt":{"rendered":"<p>Angaben gem\u00e4\u00df \u00a7 5 TMG Mara MorgenK\u00f6penicker Stra\u00dfe 187\/188c\/o BesD e.V.10997 Berlin Kontakt Telefon: 017637083018E-Mail: post@opensecrets.eu Jugendschutzbeauftragte*r gem\u00e4\u00df \u00a77 Abs. 1 JMStV Johanna Weber (Verena Johannsen)c\/o BesD e.V.K\u00f6penicker Stra\u00dfe 187\/18810997 Berlininfo@besd-ev.dewww.berufsverband-sexarbeit.deJugendschutz &amp; Impressum f\u00fcr Sexarbeitende Verbraucher\u00adstreit\u00adbeilegung\/Universal\u00adschlichtungs\u00adstelle Ich bin nicht bereit oder verpflichtet, an Streitbeilegungsverfahren vor einer Verbraucherschlichtungsstelle teilzunehmen. Haftung f\u00fcr Inhalte Als Diensteanbieter bin ich [&hellip;]<\/p>\n","protected":false},"author":1,"featured_media":894,"parent":0,"menu_order":0,"comment_status":"closed","ping_status":"closed","template":"","meta":[],"yoast_head":"<!-- This site is optimized with the Yoast SEO plugin v16.2 - https:\/\/yoast.com\/wordpress\/plugins\/seo\/ -->\n<title>Impressum - Kinky Sisters<\/title>\n<meta name=\"robots\" content=\"index, follow, max-snippet:-1, max-image-preview:large, max-video-preview:-1\" \/>\n<link rel=\"canonical\" href=\"https:\/\/kinky-sisters-berlin.com\/en\/impressum\/\" \/>\n<meta property=\"og:locale\" content=\"en_US\" \/>\n<meta property=\"og:type\" content=\"article\" \/>\n<meta property=\"og:title\" content=\"Impressum - Kinky Sisters\" \/>\n<meta property=\"og:description\" content=\"Angaben gem\u00e4\u00df \u00a7 5 TMG Mara MorgenK\u00f6penicker Stra\u00dfe 187\/188c\/o BesD e.V.10997 Berlin Kontakt Telefon: 017637083018E-Mail: post@opensecrets.eu Jugendschutzbeauftragte*r gem\u00e4\u00df \u00a77 Abs. 1 JMStV Johanna Weber (Verena Johannsen)c\/o BesD e.V.K\u00f6penicker Stra\u00dfe 187\/18810997 Berlininfo@besd-ev.dewww.berufsverband-sexarbeit.deJugendschutz &amp; Impressum f\u00fcr Sexarbeitende Verbraucher\u00adstreit\u00adbeilegung\/Universal\u00adschlichtungs\u00adstelle Ich bin nicht bereit oder verpflichtet, an Streitbeilegungsverfahren vor einer Verbraucherschlichtungsstelle teilzunehmen. Haftung f\u00fcr Inhalte Als Diensteanbieter bin ich [&hellip;]\" \/>\n<meta property=\"og:url\" content=\"https:\/\/kinky-sisters-berlin.com\/en\/impressum\/\" \/>\n<meta property=\"og:site_name\" content=\"Kinky Sisters\" \/>\n<meta property=\"article:modified_time\" content=\"2021-04-30T12:10:40+00:00\" \/>\n<meta property=\"og:image\" content=\"https:\/\/kinky-sisters-berlin.com\/wp-content\/uploads\/2021\/04\/0804_6161\u00a9studiofortyfour-scaled.jpg\" \/>\n\t<meta property=\"og:image:width\" content=\"2560\" \/>\n\t<meta property=\"og:image:height\" content=\"1707\" \/>\n<meta name=\"twitter:card\" content=\"summary_large_image\" \/>\n<meta name=\"twitter:label1\" content=\"Est. reading time\">\n\t<meta name=\"twitter:data1\" content=\"2 minutes\">\n<script type=\"application\/ld+json\" class=\"yoast-schema-graph\">{\"@context\":\"https:\/\/schema.org\",\"@graph\":[{\"@type\":\"WebSite\",\"@id\":\"https:\/\/kinky-sisters-berlin.com\/#website\",\"url\":\"https:\/\/kinky-sisters-berlin.com\/\",\"name\":\"Kinky Sisters\",\"description\":\"\",\"potentialAction\":[{\"@type\":\"SearchAction\",\"target\":\"https:\/\/kinky-sisters-berlin.com\/?s={search_term_string}\",\"query-input\":\"required name=search_term_string\"}],\"inLanguage\":\"en-US\"},{\"@type\":\"ImageObject\",\"@id\":\"https:\/\/kinky-sisters-berlin.com\/en\/impressum\/#primaryimage\",\"inLanguage\":\"en-US\",\"url\":\"https:\/\/kinky-sisters-berlin.com\/wp-content\/uploads\/2021\/04\/0804_6161\\u00a9studiofortyfour-scaled.jpg\",\"contentUrl\":\"https:\/\/kinky-sisters-berlin.com\/wp-content\/uploads\/2021\/04\/0804_6161\\u00a9studiofortyfour-scaled.jpg\",\"width\":2560,\"height\":1707},{\"@type\":\"WebPage\",\"@id\":\"https:\/\/kinky-sisters-berlin.com\/en\/impressum\/#webpage\",\"url\":\"https:\/\/kinky-sisters-berlin.com\/en\/impressum\/\",\"name\":\"Impressum - Kinky Sisters\",\"isPartOf\":{\"@id\":\"https:\/\/kinky-sisters-berlin.com\/#website\"},\"primaryImageOfPage\":{\"@id\":\"https:\/\/kinky-sisters-berlin.com\/en\/impressum\/#primaryimage\"},\"datePublished\":\"2020-07-09T13:31:08+00:00\",\"dateModified\":\"2021-04-30T12:10:40+00:00\",\"breadcrumb\":{\"@id\":\"https:\/\/kinky-sisters-berlin.com\/en\/impressum\/#breadcrumb\"},\"inLanguage\":\"en-US\",\"potentialAction\":[{\"@type\":\"ReadAction\",\"target\":[\"https:\/\/kinky-sisters-berlin.com\/en\/impressum\/\"]}]},{\"@type\":\"BreadcrumbList\",\"@id\":\"https:\/\/kinky-sisters-berlin.com\/en\/impressum\/#breadcrumb\",\"itemListElement\":[{\"@type\":\"ListItem\",\"position\":1,\"item\":{\"@type\":\"WebPage\",\"@id\":\"https:\/\/kinky-sisters-berlin.com\/en\/mara-morgan\/\",\"url\":\"https:\/\/kinky-sisters-berlin.com\/en\/mara-morgan\/\",\"name\":\"Startseite\"}},{\"@type\":\"ListItem\",\"position\":2,\"item\":{\"@id\":\"https:\/\/kinky-sisters-berlin.com\/en\/impressum\/#webpage\"}}]}]}<\/script>\n<!-- \/ Yoast SEO plugin. -->","_links":{"self":[{"href":"https:\/\/kinky-sisters-berlin.com\/en\/wp-json\/wp\/v2\/pages\/897"}],"collection":[{"href":"https:\/\/kinky-sisters-berlin.com\/en\/wp-json\/wp\/v2\/pages"}],"about":[{"href":"https:\/\/kinky-sisters-berlin.com\/en\/wp-json\/wp\/v2\/types\/page"}],"author":[{"embeddable":true,"href":"https:\/\/kinky-sisters-berlin.com\/en\/wp-json\/wp\/v2\/users\/1"}],"replies":[{"embeddable":true,"href":"https:\/\/kinky-sisters-berlin.com\/en\/wp-json\/wp\/v2\/comments?post=897"}],"version-history":[{"count":1,"href":"https:\/\/kinky-sisters-berlin.com\/en\/wp-json\/wp\/v2\/pages\/897\/revisions"}],"predecessor-version":[{"id":898,"href":"https:\/\/kinky-sisters-berlin.com\/en\/wp-json\/wp\/v2\/pages\/897\/revisions\/898"}],"wp:featuredmedia":[{"embeddable":true,"href":"https:\/\/kinky-sisters-berlin.com\/en\/wp-json\/wp\/v2\/media\/894"}],"wp:attachment":[{"href":"https:\/\/kinky-sisters-berlin.com\/en\/wp-json\/wp\/v2\/media?parent=897"}],"curies":[{"name":"wp","href":"https:\/\/api.w.org\/{rel}","templated":true}]}}