{"id":884,"date":"2020-06-03T15:08:55","date_gmt":"2020-06-03T15:08:55","guid":{"rendered":"https:\/\/kinky-sisters-berlin.com\/escort-reisebegleitung\/"},"modified":"2021-04-30T12:07:55","modified_gmt":"2021-04-30T12:07:55","slug":"escort-travel","status":"publish","type":"page","link":"https:\/\/kinky-sisters-berlin.com\/en\/escort-travel\/","title":{"rendered":"Escort &#038; Travel"},"content":{"rendered":"\n<p>Zeit ist ein wahrer Luxus. Nimm uns mit auf ein genussvolles Abenddate, ein sinnliches Wochenende voller vergn\u00fcglichem Begehren oder ein kulturelles Highlight, bei dem du dir anregende Gesellschaft w\u00fcnschst. Ob Hotel, BDSM-Apartment oder Wellness-Suite &#8211; wir m\u00f6gen stilvolles Ambiente, k\u00f6stliches Essen und besondere Orte. <\/p>\n\n\n\n<p>Die M\u00f6glichkeiten sind grenzenlos. Wir bieten dir das Besondere: Als Reise- und Spielgef\u00e4hrtinnen bringen wir auch unsere Kompetenzen als somatische Sexualcoaches mit dem erotischen Etwas mit. Genau das Richtige, wenn du sinnlich-sexuelles Lernen und pers\u00f6nliche Potenzialentwicklung, Freizeitgenuss und Berufswelt miteinander verbinden m\u00f6chtest. <\/p>\n\n\n\n<p>Wir starten den Tag vielleicht mit Orgasmic Yoga (Verk\u00f6rperte Selbstliebe) oder \u00dcbungen des sexuellen Tao im Hotelzimmer, am Strand oder Pool. Beim ausgedehnten Fr\u00fchst\u00fcck sinnieren wir \u00fcber den Tag und lieben es, uns gute B\u00fccher und Poesie vorzulesen. Manchmal auch erotische Literatur, von der wir uns gleich inspieren lassen. Beim private sexy Businesslunch auf dem Hotelzimmer lassen wir dich von deinen beruflichen Verpflichtungen abschalten, oder der freie Tag f\u00fchrt uns zu kulturellen Highlights. Magst du den Abend mit einem leg\u00e8re-eleganten Dinner starten? Danach wartet auf dich unser Spieleparadies: sinnliche 4-Handmassagen, kinky Abenteuer oder was deine Fantasie gerade befl\u00fcgelt. Erz\u00e4hl uns von deinen Tr\u00e4umen!<\/p>\n","protected":false},"excerpt":{"rendered":"<p>Zeit ist ein wahrer Luxus. Nimm uns mit auf ein genussvolles Abenddate, ein sinnliches Wochenende voller vergn\u00fcglichem Begehren oder ein kulturelles Highlight, bei dem du dir anregende Gesellschaft w\u00fcnschst. Ob Hotel, BDSM-Apartment oder Wellness-Suite &#8211; wir m\u00f6gen stilvolles Ambiente, k\u00f6stliches Essen und besondere Orte. Die M\u00f6glichkeiten sind grenzenlos. Wir bieten dir das Besondere: Als Reise- [&hellip;]<\/p>\n","protected":false},"author":1,"featured_media":944,"parent":0,"menu_order":0,"comment_status":"closed","ping_status":"closed","template":"","meta":[],"yoast_head":"<!-- This site is optimized with the Yoast SEO plugin v16.2 - https:\/\/yoast.com\/wordpress\/plugins\/seo\/ -->\n<title>Escort &amp; Travel - Kinky Sisters<\/title>\n<meta name=\"robots\" content=\"index, follow, max-snippet:-1, max-image-preview:large, max-video-preview:-1\" \/>\n<link rel=\"canonical\" href=\"https:\/\/kinky-sisters-berlin.com\/en\/escort-travel\/\" \/>\n<meta property=\"og:locale\" content=\"en_US\" \/>\n<meta property=\"og:type\" content=\"article\" \/>\n<meta property=\"og:title\" content=\"Escort &amp; Travel - Kinky Sisters\" \/>\n<meta property=\"og:description\" content=\"Zeit ist ein wahrer Luxus. Nimm uns mit auf ein genussvolles Abenddate, ein sinnliches Wochenende voller vergn\u00fcglichem Begehren oder ein kulturelles Highlight, bei dem du dir anregende Gesellschaft w\u00fcnschst. Ob Hotel, BDSM-Apartment oder Wellness-Suite &#8211; wir m\u00f6gen stilvolles Ambiente, k\u00f6stliches Essen und besondere Orte. Die M\u00f6glichkeiten sind grenzenlos. Wir bieten dir das Besondere: Als Reise- [&hellip;]\" \/>\n<meta property=\"og:url\" content=\"https:\/\/kinky-sisters-berlin.com\/en\/escort-travel\/\" \/>\n<meta property=\"og:site_name\" content=\"Kinky Sisters\" \/>\n<meta property=\"article:modified_time\" content=\"2021-04-30T12:07:55+00:00\" \/>\n<meta property=\"og:image\" content=\"https:\/\/kinky-sisters-berlin.com\/wp-content\/uploads\/2021\/05\/0526_390622\u00a9studiofortyfour_neue_groesse-scaled-e1620235392216.jpg\" \/>\n\t<meta property=\"og:image:width\" content=\"2406\" \/>\n\t<meta property=\"og:image:height\" content=\"2560\" \/>\n<meta name=\"twitter:card\" content=\"summary_large_image\" \/>\n<meta name=\"twitter:label1\" content=\"Est. reading time\">\n\t<meta name=\"twitter:data1\" content=\"1 minute\">\n<script type=\"application\/ld+json\" class=\"yoast-schema-graph\">{\"@context\":\"https:\/\/schema.org\",\"@graph\":[{\"@type\":\"WebSite\",\"@id\":\"https:\/\/kinky-sisters-berlin.com\/#website\",\"url\":\"https:\/\/kinky-sisters-berlin.com\/\",\"name\":\"Kinky Sisters\",\"description\":\"\",\"potentialAction\":[{\"@type\":\"SearchAction\",\"target\":\"https:\/\/kinky-sisters-berlin.com\/?s={search_term_string}\",\"query-input\":\"required name=search_term_string\"}],\"inLanguage\":\"en-US\"},{\"@type\":\"ImageObject\",\"@id\":\"https:\/\/kinky-sisters-berlin.com\/en\/escort-travel\/#primaryimage\",\"inLanguage\":\"en-US\",\"url\":\"https:\/\/kinky-sisters-berlin.com\/wp-content\/uploads\/2021\/05\/0526_390622\\u00a9studiofortyfour_neue_groesse-scaled-e1620235392216.jpg\",\"contentUrl\":\"https:\/\/kinky-sisters-berlin.com\/wp-content\/uploads\/2021\/05\/0526_390622\\u00a9studiofortyfour_neue_groesse-scaled-e1620235392216.jpg\",\"width\":2406,\"height\":2560},{\"@type\":\"WebPage\",\"@id\":\"https:\/\/kinky-sisters-berlin.com\/en\/escort-travel\/#webpage\",\"url\":\"https:\/\/kinky-sisters-berlin.com\/en\/escort-travel\/\",\"name\":\"Escort & Travel - Kinky Sisters\",\"isPartOf\":{\"@id\":\"https:\/\/kinky-sisters-berlin.com\/#website\"},\"primaryImageOfPage\":{\"@id\":\"https:\/\/kinky-sisters-berlin.com\/en\/escort-travel\/#primaryimage\"},\"datePublished\":\"2020-06-03T15:08:55+00:00\",\"dateModified\":\"2021-04-30T12:07:55+00:00\",\"breadcrumb\":{\"@id\":\"https:\/\/kinky-sisters-berlin.com\/en\/escort-travel\/#breadcrumb\"},\"inLanguage\":\"en-US\",\"potentialAction\":[{\"@type\":\"ReadAction\",\"target\":[\"https:\/\/kinky-sisters-berlin.com\/en\/escort-travel\/\"]}]},{\"@type\":\"BreadcrumbList\",\"@id\":\"https:\/\/kinky-sisters-berlin.com\/en\/escort-travel\/#breadcrumb\",\"itemListElement\":[{\"@type\":\"ListItem\",\"position\":1,\"item\":{\"@type\":\"WebPage\",\"@id\":\"https:\/\/kinky-sisters-berlin.com\/en\/mara-morgan\/\",\"url\":\"https:\/\/kinky-sisters-berlin.com\/en\/mara-morgan\/\",\"name\":\"Startseite\"}},{\"@type\":\"ListItem\",\"position\":2,\"item\":{\"@id\":\"https:\/\/kinky-sisters-berlin.com\/en\/escort-travel\/#webpage\"}}]}]}<\/script>\n<!-- \/ Yoast SEO plugin. -->","_links":{"self":[{"href":"https:\/\/kinky-sisters-berlin.com\/en\/wp-json\/wp\/v2\/pages\/884"}],"collection":[{"href":"https:\/\/kinky-sisters-berlin.com\/en\/wp-json\/wp\/v2\/pages"}],"about":[{"href":"https:\/\/kinky-sisters-berlin.com\/en\/wp-json\/wp\/v2\/types\/page"}],"author":[{"embeddable":true,"href":"https:\/\/kinky-sisters-berlin.com\/en\/wp-json\/wp\/v2\/users\/1"}],"replies":[{"embeddable":true,"href":"https:\/\/kinky-sisters-berlin.com\/en\/wp-json\/wp\/v2\/comments?post=884"}],"version-history":[{"count":2,"href":"https:\/\/kinky-sisters-berlin.com\/en\/wp-json\/wp\/v2\/pages\/884\/revisions"}],"predecessor-version":[{"id":887,"href":"https:\/\/kinky-sisters-berlin.com\/en\/wp-json\/wp\/v2\/pages\/884\/revisions\/887"}],"wp:featuredmedia":[{"embeddable":true,"href":"https:\/\/kinky-sisters-berlin.com\/en\/wp-json\/wp\/v2\/media\/944"}],"wp:attachment":[{"href":"https:\/\/kinky-sisters-berlin.com\/en\/wp-json\/wp\/v2\/media?parent=884"}],"curies":[{"name":"wp","href":"https:\/\/api.w.org\/{rel}","templated":true}]}}