{"id":881,"date":"2020-06-03T15:06:57","date_gmt":"2020-06-03T15:06:57","guid":{"rendered":"https:\/\/kinky-sisters-berlin.com\/sex-kink-coaching\/"},"modified":"2021-04-30T12:05:02","modified_gmt":"2021-04-30T12:05:02","slug":"sex-kink-coaching","status":"publish","type":"page","link":"https:\/\/kinky-sisters-berlin.com\/en\/sex-kink-coaching\/","title":{"rendered":"Sex &#038; Kink Coaching"},"content":{"rendered":"\n<p>Lust und Genuss fallen nicht immer vom Himmel. Sexualit\u00e4t ist nichts Best\u00e4ndiges und wandelt sich mit Lebenszeit und Erfahrung. Was mir heute gef\u00e4llt, darf morgen schon ganz anders sein. Und \u00fcberhaupt: das Erleben von Ekstase l\u00e4sst sich lernen und ins Unermessliche Erweitern.&nbsp;<\/p>\n\n\n\n<p>Mit unserer kompetenten Unterst\u00fctzung und unserer erotischen Rafinesse kreieren wir miteinander einen lustvollen und einf\u00fchlsamen Forschungsraum, in dem wir speziell auf deine Fragen und Interessen eingehen.<\/p>\n\n\n\n<p>Mit unserem Hintergrund in somatischem (k\u00f6rper-orientiertem) Sexualcoaching vermitteln wir dir Wissen und somatische Praxis, mit der du deine Sp\u00fcrf\u00e4higkeit, dein Lust- und Genusspotenzial, deine Kommunikationsf\u00e4higkeit und dein sexuelles Selbstbewusstsein entwickeln und st\u00e4rken kannst. Auf Wunsch k\u00f6nnen wir langfristige Lernstrategien f\u00fcr dich entwickeln und dich in deinem \u00dcben \u00fcber die Sessions hinaus begleiten.<\/p>\n\n\n\n<p>Und weil Lernen sexy sein kann und sollte, begleiten wir dich gerne mit unseren verf\u00fchrerischen Lehrk\u00fcnsten. Im erotischen Rollenspiel und in der gelebten Sexualit\u00e4t mit deinen Kinky Sisters verk\u00f6rpert sich dein neuer Erfahrungsschatz sofort und erfahrbar.<\/p>\n\n\n\n<p>In uns findest du 2 erfahrene Begleiterinnen. Entweder profitierst du von 2 Lehrerinnen im Doppelpack. Oder du genie\u00dft die Chance, an einem K\u00f6rper handfest und mit Fingerspitzengef\u00fchl \u00fcben zu d\u00fcrfen, w\u00e4hrend die andere dich anleitet.&nbsp;&nbsp;<\/p>\n\n\n\n<h2>M\u00f6gliche Lernfelder:<\/h2>\n\n\n\n<ul><li>erweitere dein Potenzial f\u00fcr Lust und Genuss&nbsp;<\/li><li>trainiere deine Orgasmus- und Erektionsf\u00e4higkeit<\/li><li>verfeinere deine sexuelle Kommunikation<\/li><li>erlerne sinnlich-erotische F\u00e4higkeiten, Ber\u00fchrungscoaching<\/li><li>lerne das Empfangen von langsam-sinnlichem Genuss&nbsp;<\/li><li>lerne, dein sexuelles Begehren aktiv und selbstbewusst zu verfolgen<\/li><li>erweitere dein Spektrum sexueller Spielarten und F\u00e4higkeiten<\/li><li>erweitere deinen Horizont, wenn du keine oder wenig sexuelle Erfahrung hast<\/li><\/ul>\n\n\n\n<h2><strong>BDSM + Kink Coaching<\/strong><\/h2>\n\n\n\n<p>M\u00f6chtest du deine dominante Seite kennenlernen und ausleben? Oder bist du ein erfahrener Dom und hast Lust, mit z\u00fcgellosen Begleiterinnen deine K\u00fcnste zu verfeinern und zu erweitern?<\/p>\n\n\n\n<p>In unserer Domschule k\u00f6nnen wir vielf\u00e4ltig experimentieren: im laboresken \u00dcbungssetting als auch integriert im erotischen Spiel.&nbsp;<\/p>\n\n\n\n<div style=\"height:32px\" aria-hidden=\"true\" class=\"wp-block-spacer\"><\/div>\n\n\n\n<p><\/p>\n","protected":false},"excerpt":{"rendered":"<p>Lust und Genuss fallen nicht immer vom Himmel. Sexualit\u00e4t ist nichts Best\u00e4ndiges und wandelt sich mit Lebenszeit und Erfahrung. Was mir heute gef\u00e4llt, darf morgen schon ganz anders sein. Und \u00fcberhaupt: das Erleben von Ekstase l\u00e4sst sich lernen und ins Unermessliche Erweitern.&nbsp; Mit unserer kompetenten Unterst\u00fctzung und unserer erotischen Rafinesse kreieren wir miteinander einen lustvollen [&hellip;]<\/p>\n","protected":false},"author":1,"featured_media":882,"parent":0,"menu_order":0,"comment_status":"closed","ping_status":"closed","template":"","meta":[],"yoast_head":"<!-- This site is optimized with the Yoast SEO plugin v16.2 - https:\/\/yoast.com\/wordpress\/plugins\/seo\/ -->\n<title>Sex &amp; Kink Coaching - Kinky Sisters<\/title>\n<meta name=\"robots\" content=\"index, follow, max-snippet:-1, max-image-preview:large, max-video-preview:-1\" \/>\n<link rel=\"canonical\" href=\"https:\/\/kinky-sisters-berlin.com\/en\/sex-kink-coaching\/\" \/>\n<meta property=\"og:locale\" content=\"en_US\" \/>\n<meta property=\"og:type\" content=\"article\" \/>\n<meta property=\"og:title\" content=\"Sex &amp; Kink Coaching - Kinky Sisters\" \/>\n<meta property=\"og:description\" content=\"Lust und Genuss fallen nicht immer vom Himmel. Sexualit\u00e4t ist nichts Best\u00e4ndiges und wandelt sich mit Lebenszeit und Erfahrung. Was mir heute gef\u00e4llt, darf morgen schon ganz anders sein. Und \u00fcberhaupt: das Erleben von Ekstase l\u00e4sst sich lernen und ins Unermessliche Erweitern.&nbsp; Mit unserer kompetenten Unterst\u00fctzung und unserer erotischen Rafinesse kreieren wir miteinander einen lustvollen [&hellip;]\" \/>\n<meta property=\"og:url\" content=\"https:\/\/kinky-sisters-berlin.com\/en\/sex-kink-coaching\/\" \/>\n<meta property=\"og:site_name\" content=\"Kinky Sisters\" \/>\n<meta property=\"article:modified_time\" content=\"2021-04-30T12:05:02+00:00\" \/>\n<meta property=\"og:image\" content=\"https:\/\/kinky-sisters-berlin.com\/wp-content\/uploads\/2021\/04\/0768_5924\u00a9studiofortyfour-scaled.jpg\" \/>\n\t<meta property=\"og:image:width\" content=\"2560\" \/>\n\t<meta property=\"og:image:height\" content=\"1707\" \/>\n<meta name=\"twitter:card\" content=\"summary_large_image\" \/>\n<meta name=\"twitter:label1\" content=\"Est. reading time\">\n\t<meta name=\"twitter:data1\" content=\"2 minutes\">\n<script type=\"application\/ld+json\" class=\"yoast-schema-graph\">{\"@context\":\"https:\/\/schema.org\",\"@graph\":[{\"@type\":\"WebSite\",\"@id\":\"https:\/\/kinky-sisters-berlin.com\/#website\",\"url\":\"https:\/\/kinky-sisters-berlin.com\/\",\"name\":\"Kinky Sisters\",\"description\":\"\",\"potentialAction\":[{\"@type\":\"SearchAction\",\"target\":\"https:\/\/kinky-sisters-berlin.com\/?s={search_term_string}\",\"query-input\":\"required name=search_term_string\"}],\"inLanguage\":\"en-US\"},{\"@type\":\"ImageObject\",\"@id\":\"https:\/\/kinky-sisters-berlin.com\/en\/sex-kink-coaching\/#primaryimage\",\"inLanguage\":\"en-US\",\"url\":\"https:\/\/kinky-sisters-berlin.com\/wp-content\/uploads\/2021\/04\/0768_5924\\u00a9studiofortyfour-scaled.jpg\",\"contentUrl\":\"https:\/\/kinky-sisters-berlin.com\/wp-content\/uploads\/2021\/04\/0768_5924\\u00a9studiofortyfour-scaled.jpg\",\"width\":2560,\"height\":1707},{\"@type\":\"WebPage\",\"@id\":\"https:\/\/kinky-sisters-berlin.com\/en\/sex-kink-coaching\/#webpage\",\"url\":\"https:\/\/kinky-sisters-berlin.com\/en\/sex-kink-coaching\/\",\"name\":\"Sex & Kink Coaching - Kinky Sisters\",\"isPartOf\":{\"@id\":\"https:\/\/kinky-sisters-berlin.com\/#website\"},\"primaryImageOfPage\":{\"@id\":\"https:\/\/kinky-sisters-berlin.com\/en\/sex-kink-coaching\/#primaryimage\"},\"datePublished\":\"2020-06-03T15:06:57+00:00\",\"dateModified\":\"2021-04-30T12:05:02+00:00\",\"breadcrumb\":{\"@id\":\"https:\/\/kinky-sisters-berlin.com\/en\/sex-kink-coaching\/#breadcrumb\"},\"inLanguage\":\"en-US\",\"potentialAction\":[{\"@type\":\"ReadAction\",\"target\":[\"https:\/\/kinky-sisters-berlin.com\/en\/sex-kink-coaching\/\"]}]},{\"@type\":\"BreadcrumbList\",\"@id\":\"https:\/\/kinky-sisters-berlin.com\/en\/sex-kink-coaching\/#breadcrumb\",\"itemListElement\":[{\"@type\":\"ListItem\",\"position\":1,\"item\":{\"@type\":\"WebPage\",\"@id\":\"https:\/\/kinky-sisters-berlin.com\/en\/mara-morgan\/\",\"url\":\"https:\/\/kinky-sisters-berlin.com\/en\/mara-morgan\/\",\"name\":\"Startseite\"}},{\"@type\":\"ListItem\",\"position\":2,\"item\":{\"@id\":\"https:\/\/kinky-sisters-berlin.com\/en\/sex-kink-coaching\/#webpage\"}}]}]}<\/script>\n<!-- \/ Yoast SEO plugin. -->","_links":{"self":[{"href":"https:\/\/kinky-sisters-berlin.com\/en\/wp-json\/wp\/v2\/pages\/881"}],"collection":[{"href":"https:\/\/kinky-sisters-berlin.com\/en\/wp-json\/wp\/v2\/pages"}],"about":[{"href":"https:\/\/kinky-sisters-berlin.com\/en\/wp-json\/wp\/v2\/types\/page"}],"author":[{"embeddable":true,"href":"https:\/\/kinky-sisters-berlin.com\/en\/wp-json\/wp\/v2\/users\/1"}],"replies":[{"embeddable":true,"href":"https:\/\/kinky-sisters-berlin.com\/en\/wp-json\/wp\/v2\/comments?post=881"}],"version-history":[{"count":1,"href":"https:\/\/kinky-sisters-berlin.com\/en\/wp-json\/wp\/v2\/pages\/881\/revisions"}],"predecessor-version":[{"id":883,"href":"https:\/\/kinky-sisters-berlin.com\/en\/wp-json\/wp\/v2\/pages\/881\/revisions\/883"}],"wp:featuredmedia":[{"embeddable":true,"href":"https:\/\/kinky-sisters-berlin.com\/en\/wp-json\/wp\/v2\/media\/882"}],"wp:attachment":[{"href":"https:\/\/kinky-sisters-berlin.com\/en\/wp-json\/wp\/v2\/media?parent=881"}],"curies":[{"name":"wp","href":"https:\/\/api.w.org\/{rel}","templated":true}]}}