{"id":878,"date":"2020-05-27T17:00:51","date_gmt":"2020-05-27T17:00:51","guid":{"rendered":"https:\/\/kinky-sisters-berlin.com\/massage-tantra\/"},"modified":"2021-04-30T12:04:35","modified_gmt":"2021-04-30T12:04:35","slug":"massage-tantra","status":"publish","type":"page","link":"https:\/\/kinky-sisters-berlin.com\/en\/massage-tantra\/","title":{"rendered":"Massage &#038; Tantra"},"content":{"rendered":"\n<p>Ein ganz besonderes Erlebnis erf\u00e4hrst du mit unseren 4-Handmassagen und tantrischen Sinnesritualen. Durch unsere Ausbildung in hawaiianischer Lomi Lomi-Massage, Thai Yoga-, Shiatsu-, Tantra- und Taomassage ber\u00fchren wir dich nicht nur k\u00f6rperlich. Wir tragen dich in verzaubernde Sph\u00e4ren, in denen du dich ganz fallen lassen und in flie\u00dfende Sinnlichkeit hineintauchen kannst. Eine tantrische BDSM-Massage vereint zudem das Beste aus sinnlichen Welten und Grenzerkundungen.<\/p>\n\n\n\n<p>Lass uns wissen, was in deine Massage mit einflie\u00dfen soll und wo deine Grenzen liegen. Wir k\u00f6nnen alle Elemente einer BDSM-Session wie Bondage\/ Fixierung, Toys oder Sinnesentzug kreativ in das Ber\u00fchrungsritual mit einflie\u00dfen lassen.&nbsp;<\/p>\n\n\n\n<p>Unsere Spezialit\u00e4t sind die K\u00fcnste der Prostata- und Analmassage sowie die ausf\u00fchrliche Lingammassage.&nbsp;<\/p>\n\n\n\n<p>Von uns kannst du auch selbst die Kunst der sinnlich-erotischen Massage inklusive Yoni-Massage lernen.<\/p>\n\n\n\n<p><\/p>\n","protected":false},"excerpt":{"rendered":"<p>Ein ganz besonderes Erlebnis erf\u00e4hrst du mit unseren 4-Handmassagen und tantrischen Sinnesritualen. Durch unsere Ausbildung in hawaiianischer Lomi Lomi-Massage, Thai Yoga-, Shiatsu-, Tantra- und Taomassage ber\u00fchren wir dich nicht nur k\u00f6rperlich. Wir tragen dich in verzaubernde Sph\u00e4ren, in denen du dich ganz fallen lassen und in flie\u00dfende Sinnlichkeit hineintauchen kannst. Eine tantrische BDSM-Massage vereint zudem [&hellip;]<\/p>\n","protected":false},"author":1,"featured_media":969,"parent":0,"menu_order":0,"comment_status":"closed","ping_status":"closed","template":"","meta":[],"yoast_head":"<!-- This site is optimized with the Yoast SEO plugin v16.2 - https:\/\/yoast.com\/wordpress\/plugins\/seo\/ -->\n<title>Massage &amp; Tantra - Kinky Sisters<\/title>\n<meta name=\"robots\" content=\"index, follow, max-snippet:-1, max-image-preview:large, max-video-preview:-1\" \/>\n<link rel=\"canonical\" href=\"https:\/\/kinky-sisters-berlin.com\/en\/massage-tantra\/\" \/>\n<meta property=\"og:locale\" content=\"en_US\" \/>\n<meta property=\"og:type\" content=\"article\" \/>\n<meta property=\"og:title\" content=\"Massage &amp; Tantra - Kinky Sisters\" \/>\n<meta property=\"og:description\" content=\"Ein ganz besonderes Erlebnis erf\u00e4hrst du mit unseren 4-Handmassagen und tantrischen Sinnesritualen. Durch unsere Ausbildung in hawaiianischer Lomi Lomi-Massage, Thai Yoga-, Shiatsu-, Tantra- und Taomassage ber\u00fchren wir dich nicht nur k\u00f6rperlich. Wir tragen dich in verzaubernde Sph\u00e4ren, in denen du dich ganz fallen lassen und in flie\u00dfende Sinnlichkeit hineintauchen kannst. Eine tantrische BDSM-Massage vereint zudem [&hellip;]\" \/>\n<meta property=\"og:url\" content=\"https:\/\/kinky-sisters-berlin.com\/en\/massage-tantra\/\" \/>\n<meta property=\"og:site_name\" content=\"Kinky Sisters\" \/>\n<meta property=\"article:modified_time\" content=\"2021-04-30T12:04:35+00:00\" \/>\n<meta property=\"og:image\" content=\"https:\/\/kinky-sisters-berlin.com\/wp-content\/uploads\/2021\/05\/1042_7490\u00a9studiofortyfour-scaled.jpg\" \/>\n\t<meta property=\"og:image:width\" content=\"2560\" \/>\n\t<meta property=\"og:image:height\" content=\"1707\" \/>\n<meta name=\"twitter:card\" content=\"summary_large_image\" \/>\n<meta name=\"twitter:label1\" content=\"Est. reading time\">\n\t<meta name=\"twitter:data1\" content=\"1 minute\">\n<script type=\"application\/ld+json\" class=\"yoast-schema-graph\">{\"@context\":\"https:\/\/schema.org\",\"@graph\":[{\"@type\":\"WebSite\",\"@id\":\"https:\/\/kinky-sisters-berlin.com\/#website\",\"url\":\"https:\/\/kinky-sisters-berlin.com\/\",\"name\":\"Kinky Sisters\",\"description\":\"\",\"potentialAction\":[{\"@type\":\"SearchAction\",\"target\":\"https:\/\/kinky-sisters-berlin.com\/?s={search_term_string}\",\"query-input\":\"required name=search_term_string\"}],\"inLanguage\":\"en-US\"},{\"@type\":\"ImageObject\",\"@id\":\"https:\/\/kinky-sisters-berlin.com\/en\/massage-tantra\/#primaryimage\",\"inLanguage\":\"en-US\",\"url\":\"https:\/\/kinky-sisters-berlin.com\/wp-content\/uploads\/2021\/05\/1042_7490\\u00a9studiofortyfour-scaled.jpg\",\"contentUrl\":\"https:\/\/kinky-sisters-berlin.com\/wp-content\/uploads\/2021\/05\/1042_7490\\u00a9studiofortyfour-scaled.jpg\",\"width\":2560,\"height\":1707},{\"@type\":\"WebPage\",\"@id\":\"https:\/\/kinky-sisters-berlin.com\/en\/massage-tantra\/#webpage\",\"url\":\"https:\/\/kinky-sisters-berlin.com\/en\/massage-tantra\/\",\"name\":\"Massage & Tantra - Kinky Sisters\",\"isPartOf\":{\"@id\":\"https:\/\/kinky-sisters-berlin.com\/#website\"},\"primaryImageOfPage\":{\"@id\":\"https:\/\/kinky-sisters-berlin.com\/en\/massage-tantra\/#primaryimage\"},\"datePublished\":\"2020-05-27T17:00:51+00:00\",\"dateModified\":\"2021-04-30T12:04:35+00:00\",\"breadcrumb\":{\"@id\":\"https:\/\/kinky-sisters-berlin.com\/en\/massage-tantra\/#breadcrumb\"},\"inLanguage\":\"en-US\",\"potentialAction\":[{\"@type\":\"ReadAction\",\"target\":[\"https:\/\/kinky-sisters-berlin.com\/en\/massage-tantra\/\"]}]},{\"@type\":\"BreadcrumbList\",\"@id\":\"https:\/\/kinky-sisters-berlin.com\/en\/massage-tantra\/#breadcrumb\",\"itemListElement\":[{\"@type\":\"ListItem\",\"position\":1,\"item\":{\"@type\":\"WebPage\",\"@id\":\"https:\/\/kinky-sisters-berlin.com\/en\/mara-morgan\/\",\"url\":\"https:\/\/kinky-sisters-berlin.com\/en\/mara-morgan\/\",\"name\":\"Startseite\"}},{\"@type\":\"ListItem\",\"position\":2,\"item\":{\"@id\":\"https:\/\/kinky-sisters-berlin.com\/en\/massage-tantra\/#webpage\"}}]}]}<\/script>\n<!-- \/ Yoast SEO plugin. -->","_links":{"self":[{"href":"https:\/\/kinky-sisters-berlin.com\/en\/wp-json\/wp\/v2\/pages\/878"}],"collection":[{"href":"https:\/\/kinky-sisters-berlin.com\/en\/wp-json\/wp\/v2\/pages"}],"about":[{"href":"https:\/\/kinky-sisters-berlin.com\/en\/wp-json\/wp\/v2\/types\/page"}],"author":[{"embeddable":true,"href":"https:\/\/kinky-sisters-berlin.com\/en\/wp-json\/wp\/v2\/users\/1"}],"replies":[{"embeddable":true,"href":"https:\/\/kinky-sisters-berlin.com\/en\/wp-json\/wp\/v2\/comments?post=878"}],"version-history":[{"count":1,"href":"https:\/\/kinky-sisters-berlin.com\/en\/wp-json\/wp\/v2\/pages\/878\/revisions"}],"predecessor-version":[{"id":880,"href":"https:\/\/kinky-sisters-berlin.com\/en\/wp-json\/wp\/v2\/pages\/878\/revisions\/880"}],"wp:featuredmedia":[{"embeddable":true,"href":"https:\/\/kinky-sisters-berlin.com\/en\/wp-json\/wp\/v2\/media\/969"}],"wp:attachment":[{"href":"https:\/\/kinky-sisters-berlin.com\/en\/wp-json\/wp\/v2\/media?parent=878"}],"curies":[{"name":"wp","href":"https:\/\/api.w.org\/{rel}","templated":true}]}}