{"id":869,"date":"2020-05-18T13:16:24","date_gmt":"2020-05-18T11:16:24","guid":{"rendered":"https:\/\/kinky-sisters-berlin.com\/kontakt\/"},"modified":"2021-04-30T12:02:40","modified_gmt":"2021-04-30T12:02:40","slug":"contact","status":"publish","type":"page","link":"https:\/\/kinky-sisters-berlin.com\/en\/contact\/","title":{"rendered":"Contact"},"content":{"rendered":"\n<h2>F\u00fcr Termine oder bei pers\u00f6nlichen Fragen <\/h2>\n\n\n\n<div style=\"height:25px\" aria-hidden=\"true\" class=\"wp-block-spacer\"><\/div>\n\n\n\n<p>Ich bin telefonisch nicht immer sofort zu erreichen, rufe aber gerne zur\u00fcck, wenn du mir eine SMS hinterl\u00e4sst oder eine Anfrage per Mail schickst. <strong>Anrufe mit unterdr\u00fcckter Nummer beantworte ich grunds\u00e4tzlich nicht.<\/strong><\/p>\n","protected":false},"excerpt":{"rendered":"<p>F\u00fcr Termine oder bei pers\u00f6nlichen Fragen Ich bin telefonisch nicht immer sofort zu erreichen, rufe aber gerne zur\u00fcck, wenn du mir eine SMS hinterl\u00e4sst oder eine Anfrage per Mail schickst. Anrufe mit unterdr\u00fcckter Nummer beantworte ich grunds\u00e4tzlich nicht.<\/p>\n","protected":false},"author":1,"featured_media":870,"parent":0,"menu_order":0,"comment_status":"closed","ping_status":"closed","template":"","meta":[],"yoast_head":"<!-- This site is optimized with the Yoast SEO plugin v16.2 - https:\/\/yoast.com\/wordpress\/plugins\/seo\/ -->\n<title>Contact - Kinky Sisters<\/title>\n<meta name=\"robots\" content=\"index, follow, max-snippet:-1, max-image-preview:large, max-video-preview:-1\" \/>\n<link rel=\"canonical\" href=\"https:\/\/kinky-sisters-berlin.com\/en\/contact\/\" \/>\n<meta property=\"og:locale\" content=\"en_US\" \/>\n<meta property=\"og:type\" content=\"article\" \/>\n<meta property=\"og:title\" content=\"Contact - Kinky Sisters\" \/>\n<meta property=\"og:description\" content=\"F\u00fcr Termine oder bei pers\u00f6nlichen Fragen Ich bin telefonisch nicht immer sofort zu erreichen, rufe aber gerne zur\u00fcck, wenn du mir eine SMS hinterl\u00e4sst oder eine Anfrage per Mail schickst. Anrufe mit unterdr\u00fcckter Nummer beantworte ich grunds\u00e4tzlich nicht.\" \/>\n<meta property=\"og:url\" content=\"https:\/\/kinky-sisters-berlin.com\/en\/contact\/\" \/>\n<meta property=\"og:site_name\" content=\"Kinky Sisters\" \/>\n<meta property=\"article:modified_time\" content=\"2021-04-30T12:02:40+00:00\" \/>\n<meta property=\"og:image\" content=\"https:\/\/kinky-sisters-berlin.com\/wp-content\/uploads\/2021\/04\/0816_6236\u00a9studiofortyfour-scaled.jpg\" \/>\n\t<meta property=\"og:image:width\" content=\"2560\" \/>\n\t<meta property=\"og:image:height\" content=\"1707\" \/>\n<meta name=\"twitter:card\" content=\"summary_large_image\" \/>\n<script type=\"application\/ld+json\" class=\"yoast-schema-graph\">{\"@context\":\"https:\/\/schema.org\",\"@graph\":[{\"@type\":\"WebSite\",\"@id\":\"https:\/\/kinky-sisters-berlin.com\/#website\",\"url\":\"https:\/\/kinky-sisters-berlin.com\/\",\"name\":\"Kinky Sisters\",\"description\":\"\",\"potentialAction\":[{\"@type\":\"SearchAction\",\"target\":\"https:\/\/kinky-sisters-berlin.com\/?s={search_term_string}\",\"query-input\":\"required name=search_term_string\"}],\"inLanguage\":\"en-US\"},{\"@type\":\"ImageObject\",\"@id\":\"https:\/\/kinky-sisters-berlin.com\/en\/contact\/#primaryimage\",\"inLanguage\":\"en-US\",\"url\":\"https:\/\/kinky-sisters-berlin.com\/wp-content\/uploads\/2021\/04\/0816_6236\\u00a9studiofortyfour-scaled.jpg\",\"contentUrl\":\"https:\/\/kinky-sisters-berlin.com\/wp-content\/uploads\/2021\/04\/0816_6236\\u00a9studiofortyfour-scaled.jpg\",\"width\":2560,\"height\":1707},{\"@type\":\"WebPage\",\"@id\":\"https:\/\/kinky-sisters-berlin.com\/en\/contact\/#webpage\",\"url\":\"https:\/\/kinky-sisters-berlin.com\/en\/contact\/\",\"name\":\"Contact - Kinky Sisters\",\"isPartOf\":{\"@id\":\"https:\/\/kinky-sisters-berlin.com\/#website\"},\"primaryImageOfPage\":{\"@id\":\"https:\/\/kinky-sisters-berlin.com\/en\/contact\/#primaryimage\"},\"datePublished\":\"2020-05-18T11:16:24+00:00\",\"dateModified\":\"2021-04-30T12:02:40+00:00\",\"breadcrumb\":{\"@id\":\"https:\/\/kinky-sisters-berlin.com\/en\/contact\/#breadcrumb\"},\"inLanguage\":\"en-US\",\"potentialAction\":[{\"@type\":\"ReadAction\",\"target\":[\"https:\/\/kinky-sisters-berlin.com\/en\/contact\/\"]}]},{\"@type\":\"BreadcrumbList\",\"@id\":\"https:\/\/kinky-sisters-berlin.com\/en\/contact\/#breadcrumb\",\"itemListElement\":[{\"@type\":\"ListItem\",\"position\":1,\"item\":{\"@type\":\"WebPage\",\"@id\":\"https:\/\/kinky-sisters-berlin.com\/en\/mara-morgan\/\",\"url\":\"https:\/\/kinky-sisters-berlin.com\/en\/mara-morgan\/\",\"name\":\"Startseite\"}},{\"@type\":\"ListItem\",\"position\":2,\"item\":{\"@id\":\"https:\/\/kinky-sisters-berlin.com\/en\/contact\/#webpage\"}}]}]}<\/script>\n<!-- \/ Yoast SEO plugin. -->","_links":{"self":[{"href":"https:\/\/kinky-sisters-berlin.com\/en\/wp-json\/wp\/v2\/pages\/869"}],"collection":[{"href":"https:\/\/kinky-sisters-berlin.com\/en\/wp-json\/wp\/v2\/pages"}],"about":[{"href":"https:\/\/kinky-sisters-berlin.com\/en\/wp-json\/wp\/v2\/types\/page"}],"author":[{"embeddable":true,"href":"https:\/\/kinky-sisters-berlin.com\/en\/wp-json\/wp\/v2\/users\/1"}],"replies":[{"embeddable":true,"href":"https:\/\/kinky-sisters-berlin.com\/en\/wp-json\/wp\/v2\/comments?post=869"}],"version-history":[{"count":1,"href":"https:\/\/kinky-sisters-berlin.com\/en\/wp-json\/wp\/v2\/pages\/869\/revisions"}],"predecessor-version":[{"id":871,"href":"https:\/\/kinky-sisters-berlin.com\/en\/wp-json\/wp\/v2\/pages\/869\/revisions\/871"}],"wp:featuredmedia":[{"embeddable":true,"href":"https:\/\/kinky-sisters-berlin.com\/en\/wp-json\/wp\/v2\/media\/870"}],"wp:attachment":[{"href":"https:\/\/kinky-sisters-berlin.com\/en\/wp-json\/wp\/v2\/media?parent=869"}],"curies":[{"name":"wp","href":"https:\/\/api.w.org\/{rel}","templated":true}]}}